{"id":1945,"date":"2026-03-02T21:27:56","date_gmt":"2026-03-02T20:27:56","guid":{"rendered":"https:\/\/kaardmolen.nl\/winkel\/unkategorisiert\/piero-elektrische-kaardmolen\/"},"modified":"2026-04-14T21:44:26","modified_gmt":"2026-04-14T19:44:26","slug":"piero-elektrische-kardiermaschine","status":"publish","type":"product","link":"https:\/\/kaardmolen.nl\/de\/winkel\/kardiermaschinen\/piero-elektrische-kardiermaschine\/","title":{"rendered":"Piero elektrische Kardiermaschine"},"content":{"rendered":"<h2>Elektrische Kardiermaschine<\/h2>\n<p>Die elektrische Kardiermaschine hat einen stabilen Aluminiumrahmen mit Abdeckungen aus Polycarbonat. Dieses Material ist schlagfest und erm\u00f6glicht gute Sicht auf die Trommeln w\u00e4hrend des Kardierens. Die Kardiermaschine ist so konstruiert, dass Sie sicher arbeiten k\u00f6nnen. M\u00f6chten Sie die Kardiermaschine zuerst ausprobieren? <a href=\"https:\/\/kaardmolen.nl\/de\/kontakt\/\">Kontaktieren<\/a> Sie uns f\u00fcr einen Termin.<\/p>\n<p>&nbsp;<\/p>\n<h3><strong>Antrieb und Steuerung<\/strong><\/h3>\n<p>Der Antrieb besteht aus einem leistungsstarken BLDC-Motor mit industriellen Zahnriemen. Die Drehzahl ist stufenlos von 5 bis 100 Umdrehungen pro Minute einstellbar. Auch bei niedriger Geschwindigkeit liefert die Kardiermaschine die gleiche Kraft wie bei hoher Geschwindigkeit.<\/p>\n<p>&nbsp;<\/p>\n<h3><strong>Sicherheit<\/strong><\/h3>\n<p>Die Kardiermaschine ist mit Start- und Stopp-Taste, Not-Aus und Sicherheitsschalter in der Schutzhaube ausgestattet. Die Maschine arbeitet nur, wenn die Haube geschlossen ist. Nach dem Stoppen halten die Trommeln schnell an. Zum Entfernen der Wolle k\u00f6nnen die Trommeln von Hand zur\u00fcckgedreht werden; die gro\u00dfe Trommel wird manuell bewegt, die kleine Trommel dreht automatisch mit. Die Zahnriemen sind vollst\u00e4ndig abgedeckt.<\/p>\n<p>&nbsp;<\/p>\n<h3><strong>Bedienkomfort<\/strong><\/h3>\n<p>Die Einlaufplatte ist gro\u00df genug, um die Wolle leicht einzuf\u00fchren. Obwohl die elektrische Kardiermaschine nur mit geschlossener Haube arbeitet, ist gen\u00fcgend Platz, um die Wolle darunter hindurch einzuf\u00fchren. Am Rahmen befinden sich Halterungen f\u00fcr die Reinigungsb\u00fcrste und die Abnahmestifte, so dass alles beim Kardieren griffbereit ist. Durch das Gewicht steht die Kardiermaschine stabil auf dem Tisch und wird beim Herausnehmen der Wolle nicht mitgezogen.<\/p>\n<p>&nbsp;<\/p>\n<h3><strong>Technische Spezifikationen<\/strong><\/h3>\n<ul>\n<li>Kaardbeslag: 54, 72 of 120 TPI<\/li>\n<li>Toerental: 5 tot 100 rpm, traploos instelbaar<\/li>\n<li>Stromversorgung: 24 V DC (Adapter 230 V AC \u2192 24 V DC inklusive)<\/li>\n<li>Leistung: 120 W<\/li>\n<li>Motor: BLDC-Motor<\/li>\n<li>Antrieb: Industrielle Zahnriemen<\/li>\n<li>Rahmen: Aluminium-Profilkonstruktion<\/li>\n<li>Abdeckung: Polycarbonat<\/li>\n<li>Sicherheit: Start\/Stopp-Taste, Not-Aus und Sicherheitsschalter in Schutzhaube<\/li>\n<li>F\u00fcr den dauerhaften Einsatz geeignet<\/li>\n<\/ul>\n<div style=\"padding-left: 1.5em; margin-top: 1em;\">\n<p style=\"margin: 0; font-weight: bold;\">Ausf\u00fchrung 190 mm<\/p>\n<ul style=\"margin: 0; padding-left: 1em; list-style-type: disc;\">\n<li>Kardenbesatzbreite: 190 mm<\/li>\n<li>Bat-Abmessungen: 19 \u00d7 60 cm<\/li>\n<li>Maschinenabmessungen: 510 \u00d7 390 \u00d7 380 mm<\/li>\n<li>Gewicht: 25 kg<\/li>\n<\/ul>\n<\/div>\n<div style=\"padding-left: 1.5em; margin-top: 1em;\">\n<p style=\"margin: 0; font-weight: bold;\">Ausf\u00fchrung 300 mm<\/p>\n<ul style=\"margin: 0; padding-left: 1em; list-style-type: disc;\">\n<li>Kardenbesatzbreite: 300 mm<\/li>\n<li>Bat-Abmessungen: 30 \u00d7 60 cm<\/li>\n<li>Maschinenabmessungen: 510 \u00d7 500 \u00d7 380 mm<\/li>\n<li>Gewicht: 31 kg<\/li>\n<\/ul>\n<\/div>\n<p>&nbsp;<\/p>\n<h3><strong>Zubeh\u00f6r (im Lieferumfang)<\/strong><\/h3>\n<ul>\n<li>24V Stromversorgung mit Netzkabel<\/li>\n<li>Satz mit zwei Abnahmestiften<\/li>\n<li>Reinigungsb\u00fcrste<\/li>\n<li>Bedienungsanleitung<\/li>\n<\/ul>\n","protected":false},"excerpt":{"rendered":"<p data-start=\"43\" data-end=\"343\">Suchen Sie eine leistungsstarke, sichere und zuverl\u00e4ssige elektrische Kardiermaschine? Dann ist dies die ideale Kardiermaschine. Sie verf\u00fcgt \u00fcber einen stabilen Aluminiumrahmen, industrielle Zahnriemen, einen kr\u00e4ftigen Motor und hochwertige Lager. Das sorgt f\u00fcr eine lange Lebensdauer. Die Drehzahl ist stufenlos von 5 bis 100 Umdrehungen pro Minute einstellbar, sodass Sie je nach Wollart langsam oder schneller kardieren k\u00f6nnen. Die Kardiermaschine ist mit 54, 72 oder 120 TPI Kardenbesatz erh\u00e4ltlich, in 190 oder 300 mm Breite.<\/p>\n","protected":false},"featured_media":1917,"comment_status":"open","ping_status":"closed","template":"","meta":{"iawp_total_views":28},"product_brand":[],"product_cat":[99],"product_tag":[104,101,107,102,103,141,100],"class_list":{"0":"post-1945","1":"product","2":"type-product","3":"status-publish","4":"has-post-thumbnail","6":"product_cat-kardiermaschinen","7":"product_tag-120tpi-de","8":"product_tag-19cm-de","9":"product_tag-30cm-de","10":"product_tag-54tpi-de","11":"product_tag-72tpi-de","12":"product_tag-elektrisch","13":"product_tag-kardiermaschine","15":"first","16":"onbackorder","17":"taxable","18":"shipping-taxable","19":"purchasable","20":"product-type-variable","21":"has-default-attributes"},"_links":{"self":[{"href":"https:\/\/kaardmolen.nl\/de\/wp-json\/wp\/v2\/product\/1945","targetHints":{"allow":["GET"]}}],"collection":[{"href":"https:\/\/kaardmolen.nl\/de\/wp-json\/wp\/v2\/product"}],"about":[{"href":"https:\/\/kaardmolen.nl\/de\/wp-json\/wp\/v2\/types\/product"}],"replies":[{"embeddable":true,"href":"https:\/\/kaardmolen.nl\/de\/wp-json\/wp\/v2\/comments?post=1945"}],"wp:featuredmedia":[{"embeddable":true,"href":"https:\/\/kaardmolen.nl\/de\/wp-json\/wp\/v2\/media\/1917"}],"wp:attachment":[{"href":"https:\/\/kaardmolen.nl\/de\/wp-json\/wp\/v2\/media?parent=1945"}],"wp:term":[{"taxonomy":"product_brand","embeddable":true,"href":"https:\/\/kaardmolen.nl\/de\/wp-json\/wp\/v2\/product_brand?post=1945"},{"taxonomy":"product_cat","embeddable":true,"href":"https:\/\/kaardmolen.nl\/de\/wp-json\/wp\/v2\/product_cat?post=1945"},{"taxonomy":"product_tag","embeddable":true,"href":"https:\/\/kaardmolen.nl\/de\/wp-json\/wp\/v2\/product_tag?post=1945"}],"curies":[{"name":"wp","href":"https:\/\/api.w.org\/{rel}","templated":true}]}}