{"id":1630,"date":"2025-05-30T11:08:19","date_gmt":"2025-05-30T09:08:19","guid":{"rendered":"https:\/\/kaardmolen.nl\/winkel\/unkategorisiert\/piero-kaardmolen-triple-xl\/"},"modified":"2026-03-30T10:42:03","modified_gmt":"2026-03-30T08:42:03","slug":"piero-kardiermaschine-dreifach-xl","status":"publish","type":"product","link":"https:\/\/kaardmolen.nl\/de\/winkel\/kardiermaschinen\/piero-kardiermaschine-dreifach-xl\/","title":{"rendered":"Piero Kardiermaschine Dreifach XL"},"content":{"rendered":"<div class=\"wp-block-group is-layout-constrained wp-block-group-is-layout-constrained\">\n<div class=\"wp-block-group is-layout-constrained wp-container-core-group-is-layout-2 wp-block-group-is-layout-constrained\">\n<p class=\"\" data-start=\"1819\" data-end=\"2090\">Der Aluminiumrahmen hat eine offene Struktur, wodurch die Kardiermaschine je nach Arbeitsplatz an verschiedenen Stellen mit den mitgelieferten Klemmen befestigt werden kann. Zwischen den Trommeln und dem Rahmen ist ausreichend Platz, um die R\u00e4nder der Trommeln einfach zu reinigen.<\/p>\n<p class=\"\" data-start=\"2092\" data-end=\"2396\">Wenn nicht gekurbelt wird, dreht sich die gro\u00dfe Trommel automatisch in eine Position, in der der Abnahmestreifen oben steht. Dieser Streifen hat eine Rille, die verhindert, dass man mit dem Abnahmehaken abrutscht. So l\u00e4sst sich das Vlies leicht abnehmen, ohne die Trommel vorher manuell drehen zu m\u00fcssen.<\/p>\n<p class=\"\" data-start=\"2398\" data-end=\"2538\">Die Kardiermaschine ist mit Birkenmultiplex und einer wei\u00dfen HPL-Deckschicht versehen \u2013 eine harte, kratzfeste Oberfl\u00e4che, die leicht zu reinigen ist.<\/p>\n<\/div>\n<\/div>\n<div class=\"wp-block-group is-content-justification-center is-layout-constrained wp-container-core-group-is-layout-4 wp-block-group-is-layout-constrained\">\n<p>&nbsp;<\/p>\n<p class=\"has-text-align-left\"><strong>Spezifikationen<\/strong><\/p>\n<ul>\n<li>Ma\u00dfe Fledermaus: 30x60cm<\/li>\n<li>Kardiertuch: 54 \/ 72 \/ 120 TPI<\/li>\n<li>L\u00e4nge: 44cm<\/li>\n<li>Breite: 46cm (ohne \u00fcberstehenden Griff)<\/li>\n<li>H\u00f6he: 30cm<\/li>\n<\/ul>\n<\/div>\n<div class=\"wp-block-group is-content-justification-center is-layout-constrained wp-container-core-group-is-layout-5 wp-block-group-is-layout-constrained\">\n<p>&nbsp;<\/p>\n<p><strong>Zubeh\u00f6r<\/strong><\/p>\n<ul>\n<li>Zwei Tischklammern<\/li>\n<li>Set mit zwei Stiften zum Mitnehmen<\/li>\n<li>Eine Reinigungsb\u00fcrste<\/li>\n<li>Inbusschl\u00fcsselsatz<\/li>\n<li>Hebel<\/li>\n<\/ul>\n<\/div>\n","protected":false},"excerpt":{"rendered":"<p>Suchst du eine besondere Kardiermaschine, mit der du Wolle schneller verarbeiten kannst? Dann ist diese Kardiermaschine genau das Richtige f\u00fcr dich. Sie verf\u00fcgt \u00fcber drei Trommeln und ein extra breites Design, sodass du gr\u00f6\u00dfere Mengen Wolle in einem Durchgang kardieren kannst. Die zus\u00e4tzliche Trommel beschleunigt den Kardierprozess, wodurch die Wolle weniger oft durch die Maschine muss. Die Kardiermaschine besteht aus einem robusten Aluminiumrahmen, Kugellagern und einem industriellen Riemenantrieb. Die Lager sorgen f\u00fcr einen reibungslosen Lauf, w\u00e4hrend der Riemen ein Durchrutschen der Walzen bei normaler Nutzung verhindert. Diese Maschine produziert ein Vlies von 30 x 60 cm und ist mit 54 TPI, 72 TPI oder 120 TPI Kardierbelag erh\u00e4ltlich.<\/p>\n","protected":false},"featured_media":1647,"comment_status":"open","ping_status":"closed","template":"","meta":{"iawp_total_views":192},"product_brand":[],"product_cat":[99],"product_tag":[104,107,102,103,106,108],"class_list":{"0":"post-1630","1":"product","2":"type-product","3":"status-publish","4":"has-post-thumbnail","6":"product_cat-kardiermaschinen","7":"product_tag-120tpi-de","8":"product_tag-30cm-de","9":"product_tag-54tpi-de","10":"product_tag-72tpi-de","11":"product_tag-dreifach","12":"product_tag-xl-de","14":"first","15":"onbackorder","16":"taxable","17":"shipping-taxable","18":"purchasable","19":"product-type-variable"},"_links":{"self":[{"href":"https:\/\/kaardmolen.nl\/de\/wp-json\/wp\/v2\/product\/1630","targetHints":{"allow":["GET"]}}],"collection":[{"href":"https:\/\/kaardmolen.nl\/de\/wp-json\/wp\/v2\/product"}],"about":[{"href":"https:\/\/kaardmolen.nl\/de\/wp-json\/wp\/v2\/types\/product"}],"replies":[{"embeddable":true,"href":"https:\/\/kaardmolen.nl\/de\/wp-json\/wp\/v2\/comments?post=1630"}],"wp:featuredmedia":[{"embeddable":true,"href":"https:\/\/kaardmolen.nl\/de\/wp-json\/wp\/v2\/media\/1647"}],"wp:attachment":[{"href":"https:\/\/kaardmolen.nl\/de\/wp-json\/wp\/v2\/media?parent=1630"}],"wp:term":[{"taxonomy":"product_brand","embeddable":true,"href":"https:\/\/kaardmolen.nl\/de\/wp-json\/wp\/v2\/product_brand?post=1630"},{"taxonomy":"product_cat","embeddable":true,"href":"https:\/\/kaardmolen.nl\/de\/wp-json\/wp\/v2\/product_cat?post=1630"},{"taxonomy":"product_tag","embeddable":true,"href":"https:\/\/kaardmolen.nl\/de\/wp-json\/wp\/v2\/product_tag?post=1630"}],"curies":[{"name":"wp","href":"https:\/\/api.w.org\/{rel}","templated":true}]}}