{"id":1060,"date":"2024-05-04T14:15:39","date_gmt":"2024-05-04T12:15:39","guid":{"rendered":"https:\/\/kaardmolen.nl\/winkel\/unkategorisiert\/piero-kartenmuehle-standard\/"},"modified":"2026-04-07T10:04:30","modified_gmt":"2026-04-07T08:04:30","slug":"piero-kardiermaschine-standard","status":"publish","type":"product","link":"https:\/\/kaardmolen.nl\/de\/winkel\/kardiermaschinen\/piero-kardiermaschine-standard\/","title":{"rendered":"Piero Kardiermaschine Standard"},"content":{"rendered":"<div class=\"wp-block-group is-layout-constrained wp-container-core-group-is-layout-2 wp-block-group-is-layout-constrained\">\n<p class=\"\" data-start=\"1192\" data-end=\"1545\">Diese Karde besteht aus einem stabilen Aluminiumrahmen, Kugellagern und einem industriellen Zahnriemenantrieb. Die Lager sorgen f\u00fcr einen reibungslosen Lauf, und der Zahnriemen verhindert, dass die Walzen bei normalem Gebrauch durchrutschen. Die Karde produziert ein gro\u00dfes Vlies von 19 x 60 cm und ist mit Kardenbelag in 54, 72 oder 120 TPI erh\u00e4ltlich.<\/p>\n<p class=\"\" data-start=\"1547\" data-end=\"1813\">Der Aluminiumrahmen hat eine offene Struktur, sodass die Karde je nach Arbeitsplatz an verschiedenen Stellen mit den mitgelieferten Klemmen befestigt werden kann. Zwischen den Walzen und dem Rahmen ist ausreichend Platz, um die R\u00e4nder der Walzen einfach zu reinigen.<\/p>\n<p class=\"\" data-start=\"1815\" data-end=\"2119\">Wenn nicht gekurbelt wird, dreht sich die gro\u00dfe Trommel automatisch in eine Position, in der der Abnahmestreifen oben steht. Dieser Streifen hat eine Rille, die verhindert, dass man mit dem Abnahmehaken abrutscht. So l\u00e4sst sich das Vlies leicht abnehmen, ohne die Trommel vorher manuell drehen zu m\u00fcssen.<\/p>\n<p class=\"\" data-start=\"2121\" data-end=\"2261\">Die Karde ist mit Birkenmultiplex und einer wei\u00dfen HPL-Deckschicht versehen \u2013 eine harte, kratzfeste Oberfl\u00e4che, die leicht zu reinigen ist.<\/p>\n<\/div>\n<div class=\"wp-block-group is-content-justification-center is-layout-constrained wp-container-core-group-is-layout-3 wp-block-group-is-layout-constrained\">\n<p>&nbsp;<\/p>\n<p><strong>Spezifikationen<\/strong><\/p>\n<ul>\n<li>Ma\u00dfe Fledermaus: 19x60cm<\/li>\n<li>Kardiertuch: 54 \/ 72 \/ 120 TPI<\/li>\n<li>L\u00e4nge: 44cm<\/li>\n<li>Breite: 35cm (ohne \u00fcberstehenden Griff)<\/li>\n<li>H\u00f6he: 26cm<\/li>\n<\/ul>\n<\/div>\n<div class=\"wp-block-group is-content-justification-center is-layout-constrained wp-container-core-group-is-layout-4 wp-block-group-is-layout-constrained\">\n<p>&nbsp;<\/p>\n<p><strong>Zubeh\u00f6r<\/strong><\/p>\n<ul>\n<li>zwei Tischklammern<\/li>\n<li>Set mit zwei Pins zum Mitnehmen<\/li>\n<li>eine Reinigungsb\u00fcrste<\/li>\n<li>Satz Inbusschl\u00fcssel<\/li>\n<li>Hebel<\/li>\n<\/ul>\n<\/div>\n","protected":false},"excerpt":{"rendered":"<p>Suchen Sie nach einer anst\u00e4ndigen Kardiermaschine? Dann ist dies die ideale Kardiermaschine. Diese Kardiermaschine besteht aus einem stabilen Aluminiumrahmen, Lagern und einem industriellen Zahnriemenantrieb. Die Lager sorgen f\u00fcr einen reibungslosen Betrieb. Der Zahnriemen sorgt daf\u00fcr, dass die Rollen im normalen Gebrauch nicht durchrutschen. Die Kardiermaschine produziert einen 19x60cm gro\u00dfen Schl\u00e4ger. Das Kardiermaschine ist mit 54TPI, 72TPI und 120TPI Kardiertuch erh\u00e4ltlich.<\/p>\n","protected":false},"featured_media":854,"comment_status":"open","ping_status":"closed","template":"","meta":{"iawp_total_views":714},"product_brand":[],"product_cat":[99],"product_tag":[104,101,102,103,100],"class_list":{"0":"post-1060","1":"product","2":"type-product","3":"status-publish","4":"has-post-thumbnail","6":"product_cat-kardiermaschinen","7":"product_tag-120tpi-de","8":"product_tag-19cm-de","9":"product_tag-54tpi-de","10":"product_tag-72tpi-de","11":"product_tag-kardiermaschine","13":"first","14":"instock","15":"taxable","16":"shipping-taxable","17":"purchasable","18":"product-type-variable"},"_links":{"self":[{"href":"https:\/\/kaardmolen.nl\/de\/wp-json\/wp\/v2\/product\/1060","targetHints":{"allow":["GET"]}}],"collection":[{"href":"https:\/\/kaardmolen.nl\/de\/wp-json\/wp\/v2\/product"}],"about":[{"href":"https:\/\/kaardmolen.nl\/de\/wp-json\/wp\/v2\/types\/product"}],"replies":[{"embeddable":true,"href":"https:\/\/kaardmolen.nl\/de\/wp-json\/wp\/v2\/comments?post=1060"}],"wp:featuredmedia":[{"embeddable":true,"href":"https:\/\/kaardmolen.nl\/de\/wp-json\/wp\/v2\/media\/854"}],"wp:attachment":[{"href":"https:\/\/kaardmolen.nl\/de\/wp-json\/wp\/v2\/media?parent=1060"}],"wp:term":[{"taxonomy":"product_brand","embeddable":true,"href":"https:\/\/kaardmolen.nl\/de\/wp-json\/wp\/v2\/product_brand?post=1060"},{"taxonomy":"product_cat","embeddable":true,"href":"https:\/\/kaardmolen.nl\/de\/wp-json\/wp\/v2\/product_cat?post=1060"},{"taxonomy":"product_tag","embeddable":true,"href":"https:\/\/kaardmolen.nl\/de\/wp-json\/wp\/v2\/product_tag?post=1060"}],"curies":[{"name":"wp","href":"https:\/\/api.w.org\/{rel}","templated":true}]}}