{"id":1038,"date":"2024-05-04T14:27:44","date_gmt":"2024-05-04T12:27:44","guid":{"rendered":"https:\/\/kaardmolen.nl\/winkel\/unkategorisiert\/piero-kartenmuehle-dreifach\/"},"modified":"2026-04-09T18:35:17","modified_gmt":"2026-04-09T16:35:17","slug":"piero-kardiermaschine-dreifach","status":"publish","type":"product","link":"https:\/\/kaardmolen.nl\/de\/winkel\/kardiermaschinen\/piero-kardiermaschine-dreifach\/","title":{"rendered":"Piero Kardiermaschine Dreifach"},"content":{"rendered":"<div class=\"wp-block-group is-layout-constrained wp-block-group-is-layout-constrained\">\n<div class=\"wp-block-group is-layout-constrained wp-container-core-group-is-layout-2 wp-block-group-is-layout-constrained\">\n<p class=\"\" data-start=\"1819\" data-end=\"2090\">Der Aluminiumrahmen hat eine offene Struktur, wodurch die Kardiermaschine je nach Arbeitsplatz an verschiedenen Stellen mit den mitgelieferten Klemmen befestigt werden kann. Zwischen den Trommeln und dem Rahmen ist ausreichend Platz, um die R\u00e4nder der Trommeln einfach zu reinigen.<\/p>\n<p class=\"\" data-start=\"2092\" data-end=\"2396\">Wenn nicht gekurbelt wird, dreht sich die gro\u00dfe Trommel automatisch in eine Position, in der der Abnahmestreifen oben steht. Dieser Streifen hat eine Rille, die verhindert, dass man mit dem Abnahmehaken abrutscht. So l\u00e4sst sich das Vlies leicht abnehmen, ohne die Trommel vorher manuell drehen zu m\u00fcssen.<\/p>\n<p class=\"\" data-start=\"2398\" data-end=\"2538\">Die Kardiermaschine ist mit Birkenmultiplex und einer wei\u00dfen HPL-Deckschicht versehen \u2013 eine harte, kratzfeste Oberfl\u00e4che, die leicht zu reinigen ist.<\/p>\n<\/div>\n<\/div>\n<div class=\"wp-block-group is-content-justification-center is-layout-constrained wp-container-core-group-is-layout-4 wp-block-group-is-layout-constrained\">\n<p>&nbsp;<\/p>\n<p><strong>Spezifikationen<\/strong><\/p>\n<ul>\n<li>Ma\u00dfe Fledermaus: 19x60cm<\/li>\n<li>Kardiertuch: 54 \/ 72 \/ 120 TPI<\/li>\n<li>L\u00e4nge: 44cm<\/li>\n<li>Breite: 35cm (ohne \u00fcberstehenden Griff)<\/li>\n<li>H\u00f6he: 30cm<\/li>\n<\/ul>\n<\/div>\n<div class=\"wp-block-group is-content-justification-center is-layout-constrained wp-container-core-group-is-layout-5 wp-block-group-is-layout-constrained\">\n<p>&nbsp;<\/p>\n<p><strong>Zubeh\u00f6r<\/strong><\/p>\n<ul>\n<li>Zwei Tischklammern<\/li>\n<li>Set mit zwei Stiften zum Mitnehmen<\/li>\n<li>Eine Reinigungsb\u00fcrste<\/li>\n<li>Inbusschl\u00fcsselsatz<\/li>\n<li>Hebel<\/li>\n<\/ul>\n<\/div>\n<hr class=\"wp-block-separator has-alpha-channel-opacity is-style-wide\" \/>\n","protected":false},"excerpt":{"rendered":"<p>Suchst du eine einzigartige Kardiermaschine, mit der du Wolle schneller kardieren kannst? Dann ist dies die ideale Karde. Diese Kardiermaschine verf\u00fcgt \u00fcber drei Trommeln. Die zus\u00e4tzliche Trommel beschleunigt den Kardierprozess, sodass die Wolle weniger Durchg\u00e4nge ben\u00f6tigt. Die Karde besteht aus einem stabilen Aluminiumrahmen, Lagern und einem industriellen Zahnriemenantrieb. Die Lager sorgen f\u00fcr einen reibungslosen Lauf, und der Riemen verhindert, dass die Walzen bei normalem Gebrauch durchrutschen. Die Kardiermaschine produziert ein gro\u00dfes Vlies von 19 x 60 cm und ist mit 54, 72 oder 120 TPI Kardenbelag erh\u00e4ltlich.<\/p>\n","protected":false},"featured_media":734,"comment_status":"open","ping_status":"closed","template":"","meta":{"iawp_total_views":1398},"product_brand":[],"product_cat":[99],"product_tag":[104,101,105,102,103,106,100],"class_list":{"0":"post-1038","1":"product","2":"type-product","3":"status-publish","4":"has-post-thumbnail","6":"product_cat-kardiermaschinen","7":"product_tag-120tpi-de","8":"product_tag-19cm-de","9":"product_tag-3-trommeln","10":"product_tag-54tpi-de","11":"product_tag-72tpi-de","12":"product_tag-dreifach","13":"product_tag-kardiermaschine","15":"first","16":"onbackorder","17":"taxable","18":"shipping-taxable","19":"purchasable","20":"product-type-variable"},"_links":{"self":[{"href":"https:\/\/kaardmolen.nl\/de\/wp-json\/wp\/v2\/product\/1038","targetHints":{"allow":["GET"]}}],"collection":[{"href":"https:\/\/kaardmolen.nl\/de\/wp-json\/wp\/v2\/product"}],"about":[{"href":"https:\/\/kaardmolen.nl\/de\/wp-json\/wp\/v2\/types\/product"}],"replies":[{"embeddable":true,"href":"https:\/\/kaardmolen.nl\/de\/wp-json\/wp\/v2\/comments?post=1038"}],"wp:featuredmedia":[{"embeddable":true,"href":"https:\/\/kaardmolen.nl\/de\/wp-json\/wp\/v2\/media\/734"}],"wp:attachment":[{"href":"https:\/\/kaardmolen.nl\/de\/wp-json\/wp\/v2\/media?parent=1038"}],"wp:term":[{"taxonomy":"product_brand","embeddable":true,"href":"https:\/\/kaardmolen.nl\/de\/wp-json\/wp\/v2\/product_brand?post=1038"},{"taxonomy":"product_cat","embeddable":true,"href":"https:\/\/kaardmolen.nl\/de\/wp-json\/wp\/v2\/product_cat?post=1038"},{"taxonomy":"product_tag","embeddable":true,"href":"https:\/\/kaardmolen.nl\/de\/wp-json\/wp\/v2\/product_tag?post=1038"}],"curies":[{"name":"wp","href":"https:\/\/api.w.org\/{rel}","templated":true}]}}