{"id":991,"date":"2024-05-05T13:38:08","date_gmt":"2024-05-05T11:38:08","guid":{"rendered":"https:\/\/kaardmolen.nl\/die-besten-kartenmuehlen-finden-sie-hier\/"},"modified":"2026-03-08T12:59:18","modified_gmt":"2026-03-08T11:59:18","slug":"die-besten-kartenmuehlen-finden-sie-hier","status":"publish","type":"page","link":"https:\/\/kaardmolen.nl\/de\/","title":{"rendered":"Die besten Kardiermaschinen finden Sie hier!"},"content":{"rendered":"\t\t<div data-elementor-type=\"wp-page\" data-elementor-id=\"991\" class=\"elementor elementor-991 elementor-524\">\n\t\t\t\t<div class=\"elementor-element elementor-element-9c6b7ee e-grid e-con-full e-con e-parent\" data-id=\"9c6b7ee\" data-element_type=\"container\" data-e-type=\"container\">\n\t\t\t\t<div class=\"elementor-element elementor-element-1377d22 elementor-grid-eael-col-3 elementor-grid-tablet-eael-col-2 elementor-grid-mobile-eael-col-1 elementor-widget elementor-widget-eael-post-grid\" data-id=\"1377d22\" data-element_type=\"widget\" data-e-type=\"widget\" data-settings=\"{&quot;eael_post_grid_columns&quot;:&quot;eael-col-3&quot;,&quot;eael_post_grid_columns_tablet&quot;:&quot;eael-col-2&quot;,&quot;eael_post_grid_columns_mobile&quot;:&quot;eael-col-1&quot;}\" data-widget_type=\"eael-post-grid.default\">\n\t\t\t\t<div class=\"elementor-widget-container\">\n\t\t\t\t\t<div id=\"eael-post-grid-1377d22\" class=\"eael-post-grid-container\">\n            <div class=\"eael-post-grid eael-post-appender eael-post-appender-1377d22 eael-post-grid-style-one\" data-layout-mode=\"grid\"><article class=\"eael-grid-post  eael-post-grid-column eael-pg-post-1095 category-kardiermaschinen\" data-id=\"1095\">\n        <div class=\"eael-grid-post-holder\">\n            <div class=\"eael-grid-post-holder-inner\"><div class=\"eael-entry-media\"><div class=\"eael-entry-overlay fade-in\"><i class=\"fas fa-long-arrow-alt-right\" aria-hidden=\"true\"><\/i><a href=\"https:\/\/kaardmolen.nl\/de\/welche-karten-beschlage-brauche-ich\/\"><\/a><\/div><div class=\"eael-entry-thumbnail eael-image-ratio\">\n                <img fetchpriority=\"high\" decoding=\"async\" width=\"600\" height=\"338\" src=\"https:\/\/kaardmolen.nl\/wp-content\/uploads\/2024\/05\/kaardbeslag-54TPI-72TPI-120TPI-scaled-600x338.webp\" class=\"attachment-woocommerce_archive_thumbnail size-woocommerce_archive_thumbnail wp-image-870\" alt=\"\" title=\"\">\n            <\/div>\n        <\/div><div class=\"eael-entry-wrapper\"><header class=\"eael-entry-header\"><h2 class=\"eael-entry-title\"><a class=\"eael-grid-post-link\" href=\"https:\/\/kaardmolen.nl\/de\/welche-karten-beschlage-brauche-ich\/\" title=\"Welches Kardiertuch ben\u00f6tige ich?\">Welches Kardiertuch ben\u00f6tige ich?<\/a><\/h2><\/header><div class=\"eael-entry-content\">\n                        <div class=\"eael-grid-post-excerpt\"><p>Je nach der Wolle, die Sie kardieren, ben\u00f6tigen Sie eine andere Kardiertuch. Es ist wichtig, dass Sie das richtige Kardiertuch w\u00e4hlen. Dieser Artikel wird Ihnen dabei helfen.<\/p><a href=\"https:\/\/kaardmolen.nl\/de\/welche-karten-beschlage-brauche-ich\/\" class=\"eael-post-elements-readmore-btn\">Mehr lesen<\/a><\/div>\n                    <\/div><div class=\"eael-entry-footer\"><div class=\"eael-entry-meta\"><span class=\"eael-posted-on\"><time datetime=\"15. Mai 2024\">15. Mai 2024<\/time><\/span><\/div><\/div><\/div><\/div>\n        <\/div>\n    <\/article><article class=\"eael-grid-post  eael-post-grid-column eael-pg-post-1103 category-kardiermaschinen\" data-id=\"1103\">\n        <div class=\"eael-grid-post-holder\">\n            <div class=\"eael-grid-post-holder-inner\"><div class=\"eael-entry-media\"><div class=\"eael-entry-overlay fade-in\"><i class=\"fas fa-long-arrow-alt-right\" aria-hidden=\"true\"><\/i><a href=\"https:\/\/kaardmolen.nl\/de\/welche-kardiermaschine-benotige-ich\/\"><\/a><\/div><div class=\"eael-entry-thumbnail eael-image-ratio\">\n                <img decoding=\"async\" width=\"600\" height=\"338\" src=\"https:\/\/kaardmolen.nl\/wp-content\/uploads\/2025\/07\/kardiermaschine-72TPI-3-600x338.jpg\" class=\"attachment-woocommerce_archive_thumbnail size-woocommerce_archive_thumbnail wp-image-858\" alt=\"Kardiermaschine 72TPI Seite\" title=\"\" srcset=\"https:\/\/kaardmolen.nl\/wp-content\/uploads\/2025\/07\/kardiermaschine-72TPI-3-600x338.jpg 600w, https:\/\/kaardmolen.nl\/wp-content\/uploads\/2025\/07\/kardiermaschine-72TPI-3-1536x864.jpg 1536w, https:\/\/kaardmolen.nl\/wp-content\/uploads\/2025\/07\/kardiermaschine-72TPI-3.jpg 1920w\" sizes=\"(max-width: 600px) 100vw, 600px\" \/>\n            <\/div>\n        <\/div><div class=\"eael-entry-wrapper\"><header class=\"eael-entry-header\"><h2 class=\"eael-entry-title\"><a class=\"eael-grid-post-link\" href=\"https:\/\/kaardmolen.nl\/de\/welche-kardiermaschine-benotige-ich\/\" title=\"Welche Kardiermaschine ben\u00f6tige ich?\">Welche Kardiermaschine ben\u00f6tige ich?<\/a><\/h2><\/header><div class=\"eael-entry-content\">\n                        <div class=\"eael-grid-post-excerpt\"><p>Dieser Artikel erkl\u00e4rt die verschiedenen Kardiermaschinen. Dies wird Ihnen helfen, das f\u00fcr Sie am besten geeignete Modell zu w\u00e4hlen.<\/p><a href=\"https:\/\/kaardmolen.nl\/de\/welche-kardiermaschine-benotige-ich\/\" class=\"eael-post-elements-readmore-btn\">Mehr lesen<\/a><\/div>\n                    <\/div><div class=\"eael-entry-footer\"><div class=\"eael-entry-meta\"><span class=\"eael-posted-on\"><time datetime=\"15. Mai 2024\">15. Mai 2024<\/time><\/span><\/div><\/div><\/div><\/div>\n        <\/div>\n    <\/article><\/div>\n            <div class=\"clearfix\"><\/div>\n        <\/div>\t\t\t\t<\/div>\n\t\t\t\t<\/div>\n\t\t\t\t<\/div>\n\t\t<div class=\"elementor-element elementor-element-2f6c9da e-con-full e-flex e-con e-parent\" data-id=\"2f6c9da\" data-element_type=\"container\" data-e-type=\"container\">\n\t\t\t\t<div class=\"elementor-element elementor-element-6a10cde eael-product-gallery-column-tablet-2 eael-product-gallery-column-mobile-1 elementor-widget-tablet__width-inherit eael-product-gallery-column-3 elementor-widget elementor-widget-eael-woo-product-gallery\" data-id=\"6a10cde\" data-element_type=\"widget\" data-e-type=\"widget\" data-settings=\"{&quot;eael_product_gallery_column_tablet&quot;:&quot;2&quot;,&quot;eael_product_gallery_column_mobile&quot;:&quot;1&quot;,&quot;eael_product_gallery_column&quot;:&quot;3&quot;}\" data-widget_type=\"eael-woo-product-gallery.default\">\n\t\t\t\t<div class=\"elementor-widget-container\">\n\t\t\t\t\t\n        <div class=\"eael-product-gallery eael-product-preset-4 grid eael-terms-layout-horizontal\" id=\"eael-product-gallery\" data-widget-id=\"6a10cde\" data-page-id=\"991\" data-nonce=\"6933de793a\" >\n\t\t\t\n            <div class=\"woocommerce\">\n\t\t\t\t<ul class=\"products eael-post-appender eael-post-appender-6a10cde\" data-layout-mode=\"grid\" data-ssi-desktop=\"no\" ><li class=\"product \">\n        <div class=\"eael-product-wrap\" data-src=\"\" data-src-hover=\"\" >\n    <a href=\"https:\/\/kaardmolen.nl\/de\/winkel\/kardiermaschinen\/piero-elektrische-kardiermaschine\/\" class=\"woocommerce-LoopProduct-link woocommerce-loop-product__link\"><img decoding=\"async\" width=\"600\" height=\"338\" src=\"https:\/\/kaardmolen.nl\/wp-content\/uploads\/2026\/03\/elektrische-Kardiermaschine-72TPI-1-600x338.jpg\" class=\"attachment-woocommerce_archive_thumbnail size-woocommerce_archive_thumbnail\" alt=\"Piero elektrische Kardiermaschine\" loading=\"eager\" srcset=\"https:\/\/kaardmolen.nl\/wp-content\/uploads\/2026\/03\/elektrische-Kardiermaschine-72TPI-1-600x338.jpg 600w, https:\/\/kaardmolen.nl\/wp-content\/uploads\/2026\/03\/elektrische-Kardiermaschine-72TPI-1-1536x864.jpg 1536w, https:\/\/kaardmolen.nl\/wp-content\/uploads\/2026\/03\/elektrische-Kardiermaschine-72TPI-1.jpg 1920w\" sizes=\"(max-width: 600px) 100vw, 600px\" title=\"\"><\/a><h2 class=\"woocommerce-loop-product__title\">Piero elektrische Kardiermaschine<\/h2><div class=\"eael-star-rating star-rating\"><span style=\"width:0%\">Bewertet mit <strong class=\"rating\">0<\/strong> von 5<\/span><\/div><div class=\"eael-product-price\"><span class=\"woocommerce-Price-amount amount\" aria-hidden=\"true\"><bdi><span class=\"woocommerce-Price-currencySymbol\">&euro;<\/span>&nbsp;2.049,00<\/bdi><\/span> <span aria-hidden=\"true\"> \u2013 <\/span> <span class=\"woocommerce-Price-amount amount\" aria-hidden=\"true\"><bdi><span class=\"woocommerce-Price-currencySymbol\">&euro;<\/span>&nbsp;2.599,00<\/bdi><\/span><span class=\"screen-reader-text\">Preisspanne: &euro;&nbsp;2.049,00 bis &euro;&nbsp;2.599,00<\/span><\/div>    <\/div>\n<\/li><li class=\"product \">\n        <div class=\"eael-product-wrap\" data-src=\"\" data-src-hover=\"\" >\n    <a href=\"https:\/\/kaardmolen.nl\/de\/winkel\/kardiermaschinen\/piero-kardiermaschine-dreifach\/\" class=\"woocommerce-LoopProduct-link woocommerce-loop-product__link\"><img decoding=\"async\" width=\"600\" height=\"338\" src=\"https:\/\/kaardmolen.nl\/wp-content\/uploads\/2025\/01\/Kardiermaschine-dreifach-72TPI-_1-scaled-600x338.jpg\" class=\"attachment-woocommerce_archive_thumbnail size-woocommerce_archive_thumbnail\" alt=\"Piero Kardiermaschine Dreifach\" loading=\"eager\" srcset=\"https:\/\/kaardmolen.nl\/wp-content\/uploads\/2025\/01\/Kardiermaschine-dreifach-72TPI-_1-scaled-600x338.jpg 600w, https:\/\/kaardmolen.nl\/wp-content\/uploads\/2025\/01\/Kardiermaschine-dreifach-72TPI-_1-1536x864.jpg 1536w, https:\/\/kaardmolen.nl\/wp-content\/uploads\/2025\/01\/Kardiermaschine-dreifach-72TPI-_1-2048x1152.jpg 2048w\" sizes=\"(max-width: 600px) 100vw, 600px\" title=\"\"><\/a><h2 class=\"woocommerce-loop-product__title\">Piero Kardiermaschine Dreifach<\/h2><div class=\"star-rating\" role=\"img\" aria-label=\"Bewertet mit 4.86 von 5\"><span style=\"width:97.2%\">Bewertet mit <strong class=\"rating\">4.86<\/strong> von 5, basierend auf <span class=\"rating\">7<\/span> Kundenbewertungen<\/span><\/div><div class=\"eael-product-price\"><span class=\"woocommerce-Price-amount amount\"><bdi><span class=\"woocommerce-Price-currencySymbol\">&euro;<\/span>&nbsp;569,00<\/bdi><\/span><\/div>    <\/div>\n<\/li><li class=\"product \">\n        <div class=\"eael-product-wrap\" data-src=\"\" data-src-hover=\"\" >\n    <a href=\"https:\/\/kaardmolen.nl\/de\/winkel\/kardiermaschinen\/piero-kardiermaschine-dreifach-xl\/\" class=\"woocommerce-LoopProduct-link woocommerce-loop-product__link\"><img decoding=\"async\" width=\"600\" height=\"338\" src=\"https:\/\/kaardmolen.nl\/wp-content\/uploads\/2025\/06\/Kardiermaschine-dreifach-XL-72TPI-3-600x338.jpg\" class=\"attachment-woocommerce_archive_thumbnail size-woocommerce_archive_thumbnail\" alt=\"Piero Kardiermaschine Dreifach XL\" loading=\"eager\" srcset=\"https:\/\/kaardmolen.nl\/wp-content\/uploads\/2025\/06\/Kardiermaschine-dreifach-XL-72TPI-3-600x338.jpg 600w, https:\/\/kaardmolen.nl\/wp-content\/uploads\/2025\/06\/Kardiermaschine-dreifach-XL-72TPI-3-1536x864.jpg 1536w, https:\/\/kaardmolen.nl\/wp-content\/uploads\/2025\/06\/Kardiermaschine-dreifach-XL-72TPI-3.jpg 1920w\" sizes=\"(max-width: 600px) 100vw, 600px\" title=\"\"><\/a><h2 class=\"woocommerce-loop-product__title\">Piero Kardiermaschine Dreifach XL<\/h2><div class=\"eael-star-rating star-rating\"><span style=\"width:0%\">Bewertet mit <strong class=\"rating\">0<\/strong> von 5<\/span><\/div><div class=\"eael-product-price\"><span class=\"woocommerce-Price-amount amount\"><bdi><span class=\"woocommerce-Price-currencySymbol\">&euro;<\/span>&nbsp;719,00<\/bdi><\/span><\/div>    <\/div>\n<\/li><li class=\"product \">\n        <div class=\"eael-product-wrap\" data-src=\"\" data-src-hover=\"\" >\n    <a href=\"https:\/\/kaardmolen.nl\/de\/winkel\/kardiermaschinen\/piero-kardiermaschine-standard\/\" class=\"woocommerce-LoopProduct-link woocommerce-loop-product__link\"><img decoding=\"async\" width=\"600\" height=\"338\" src=\"https:\/\/kaardmolen.nl\/wp-content\/uploads\/2025\/07\/Kardiermaschine-72TPI-1-600x338.jpg\" class=\"attachment-woocommerce_archive_thumbnail size-woocommerce_archive_thumbnail\" alt=\"Piero Kardiermaschine Standard\" loading=\"eager\" srcset=\"https:\/\/kaardmolen.nl\/wp-content\/uploads\/2025\/07\/Kardiermaschine-72TPI-1-600x338.jpg 600w, https:\/\/kaardmolen.nl\/wp-content\/uploads\/2025\/07\/Kardiermaschine-72TPI-1-1536x864.jpg 1536w, https:\/\/kaardmolen.nl\/wp-content\/uploads\/2025\/07\/Kardiermaschine-72TPI-1.jpg 1920w\" sizes=\"(max-width: 600px) 100vw, 600px\" title=\"\"><\/a><h2 class=\"woocommerce-loop-product__title\">Piero Kardiermaschine Standard<\/h2><div class=\"star-rating\" role=\"img\" aria-label=\"Bewertet mit 4.88 von 5\"><span style=\"width:97.6%\">Bewertet mit <strong class=\"rating\">4.88<\/strong> von 5, basierend auf <span class=\"rating\">8<\/span> Kundenbewertungen<\/span><\/div><div class=\"eael-product-price\"><span class=\"woocommerce-Price-amount amount\"><bdi><span class=\"woocommerce-Price-currencySymbol\">&euro;<\/span>&nbsp;419,00<\/bdi><\/span><\/div>    <\/div>\n<\/li><li class=\"product \">\n        <div class=\"eael-product-wrap\" data-src=\"\" data-src-hover=\"\" >\n    <a href=\"https:\/\/kaardmolen.nl\/de\/winkel\/kardiermaschinen\/piero-kaardmolen-xl\/\" class=\"woocommerce-LoopProduct-link woocommerce-loop-product__link\"><img decoding=\"async\" width=\"600\" height=\"338\" src=\"https:\/\/kaardmolen.nl\/wp-content\/uploads\/2025\/01\/Kardiermaschine-XL-72TPI-_2-scaled-600x338.jpg\" class=\"attachment-woocommerce_archive_thumbnail size-woocommerce_archive_thumbnail\" alt=\"Piero Kardiermaschine XL\" loading=\"eager\" srcset=\"https:\/\/kaardmolen.nl\/wp-content\/uploads\/2025\/01\/Kardiermaschine-XL-72TPI-_2-scaled-600x338.jpg 600w, https:\/\/kaardmolen.nl\/wp-content\/uploads\/2025\/01\/Kardiermaschine-XL-72TPI-_2-1536x864.jpg 1536w, https:\/\/kaardmolen.nl\/wp-content\/uploads\/2025\/01\/Kardiermaschine-XL-72TPI-_2-2048x1152.jpg 2048w\" sizes=\"(max-width: 600px) 100vw, 600px\" title=\"\"><\/a><h2 class=\"woocommerce-loop-product__title\">Piero Kardiermaschine XL<\/h2><div class=\"star-rating\" role=\"img\" aria-label=\"Bewertet mit 5.00 von 5\"><span style=\"width:100%\">Bewertet mit <strong class=\"rating\">5.00<\/strong> von 5, basierend auf <span class=\"rating\">1<\/span> Kundenbewertung<\/span><\/div><div class=\"eael-product-price\"><span class=\"woocommerce-Price-amount amount\"><bdi><span class=\"woocommerce-Price-currencySymbol\">&euro;<\/span>&nbsp;569,00<\/bdi><\/span><\/div>    <\/div>\n<\/li><\/ul>            <div class=\"eael-load-more-button-wrap eael-force-hide\">\n                <button class=\"hide-load-more eael-load-more-button\" id=\"eael-load-more-btn-6a10cde\" data-widget-id=\"6a10cde\" data-widget=\"6a10cde\" data-page-id=\"991\" data-template=\"{&quot;dir&quot;:&quot;lite&quot;,&quot;file_name&quot;:&quot;preset-4.php&quot;,&quot;name&quot;:&quot;Woo-Product-Gallery&quot;}\" data-class=\"Essential_Addons_Elementor\\Elements\\Woo_Product_Gallery\" data-layout=\"grid\" data-page=\"1\" data-args=\"post_type=product&amp;post_status%5B0%5D=publish&amp;post_status%5B1%5D=pending&amp;post_status%5B2%5D=future&amp;posts_per_page=6&amp;order=asc&amp;offset=0&amp;tax_query%5Brelation%5D=AND&amp;tax_query%5B0%5D%5Btaxonomy%5D=product_visibility&amp;tax_query%5B0%5D%5Bfield%5D=name&amp;tax_query%5B0%5D%5Bterms%5D%5B0%5D=exclude-from-search&amp;tax_query%5B0%5D%5Bterms%5D%5B1%5D=exclude-from-catalog&amp;tax_query%5B0%5D%5Boperator%5D=NOT+IN&amp;orderby=title&amp;meta_query%5Brelation%5D=AND\" data-max-page=\"1\">\n                    <span class=\"eael-btn-loader button__loader\"><\/span>\n                    <span class=\"eael_load_more_text\"><\/span>\n                <\/button>\n            <\/div>\n                        <\/div>\n        <\/div>\n        <script type=\"text\/javascript\">\n\t\t\tjQuery(document).ready(function ($) {\n\t\t\t\tvar $scope = jQuery(\".elementor-element-6a10cde\");\n\t\t\t\tvar $products = $('.products', $scope);\n\t\t\t\tvar $layout_mode = $products.data('layout-mode');\n\n\t\t\t\tif ($layout_mode === 'masonry') {\n\t\t\t\t\t\/\/ init isotope\n\t\t\t\t\tvar $isotope_products = $products.isotope({ itemSelector: \"li.product\", layoutMode: $layout_mode, percentPosition: true });\n\t\t\t\t\t$isotope_products.imagesLoaded().progress(function () {\n\t\t\t\t\t\t$isotope_products.isotope('layout');\n\t\t\t\t\t})\n\n\t\t\t\t\t$(window).on('resize', function () {\n\t\t\t\t\t\t$isotope_products.isotope('layout');\n\t\t\t\t\t});\n\t\t\t\t}\n\t\t\t});\n        <\/script>\n\t\t\t\t\t\t<\/div>\n\t\t\t\t<\/div>\n\t\t\t\t<\/div>\n\t\t<div class=\"elementor-element elementor-element-24594d3 e-flex e-con-boxed e-con e-parent\" data-id=\"24594d3\" data-element_type=\"container\" data-e-type=\"container\">\n\t\t\t\t\t<div class=\"e-con-inner\">\n\t\t\t\t<div class=\"elementor-element elementor-element-6d58cde elementor-widget elementor-widget-video\" data-id=\"6d58cde\" data-element_type=\"widget\" data-e-type=\"widget\" data-settings=\"{&quot;youtube_url&quot;:&quot;https:\\\/\\\/www.youtube.com\\\/watch?v=wPwqjxzp6kc&quot;,&quot;video_type&quot;:&quot;youtube&quot;,&quot;controls&quot;:&quot;yes&quot;}\" data-widget_type=\"video.default\">\n\t\t\t\t<div class=\"elementor-widget-container\">\n\t\t\t\t\t\t\t<div class=\"elementor-wrapper elementor-open-inline\">\n\t\t\t<div class=\"elementor-video\"><\/div>\t\t<\/div>\n\t\t\t\t\t\t<\/div>\n\t\t\t\t<\/div>\n\t\t\t\t\t<\/div>\n\t\t\t\t<\/div>\n\t\t<div class=\"elementor-element elementor-element-ca1dda1 e-flex e-con-boxed e-con e-parent\" data-id=\"ca1dda1\" data-element_type=\"container\" data-e-type=\"container\">\n\t\t\t\t\t<div class=\"e-con-inner\">\n\t\t\t\t\t<\/div>\n\t\t\t\t<\/div>\n\t\t<div class=\"elementor-element elementor-element-8fc20cf e-con-full e-flex e-con e-parent\" data-id=\"8fc20cf\" data-element_type=\"container\" data-e-type=\"container\">\n\t\t\t\t<\/div>\n\t\t\t\t<\/div>\n\t\t","protected":false},"excerpt":{"rendered":"<p>Welk kaardbeslag heb ik nodig? Afhankelijk van de wol die je kaardt heb je een andere soort kaardbeslag nodig. Het is belangrijk dat je het juiste kaardbeslag kiest. Dit artikel helpt je daarmee. Mehr lesen 15 mei 2024 Welke kaardmolen heb ik nodig? In dit artikel vind je uitleg over de verschillende kaardmolens. Dit helpt [&hellip;]<\/p>\n","protected":false},"author":2,"featured_media":862,"parent":0,"menu_order":0,"comment_status":"closed","ping_status":"closed","template":"","meta":{"iawp_total_views":663,"footnotes":""},"class_list":["post-991","page","type-page","status-publish","has-post-thumbnail","hentry"],"blocksy_meta":[],"_links":{"self":[{"href":"https:\/\/kaardmolen.nl\/de\/wp-json\/wp\/v2\/pages\/991","targetHints":{"allow":["GET"]}}],"collection":[{"href":"https:\/\/kaardmolen.nl\/de\/wp-json\/wp\/v2\/pages"}],"about":[{"href":"https:\/\/kaardmolen.nl\/de\/wp-json\/wp\/v2\/types\/page"}],"author":[{"embeddable":true,"href":"https:\/\/kaardmolen.nl\/de\/wp-json\/wp\/v2\/users\/2"}],"replies":[{"embeddable":true,"href":"https:\/\/kaardmolen.nl\/de\/wp-json\/wp\/v2\/comments?post=991"}],"version-history":[{"count":29,"href":"https:\/\/kaardmolen.nl\/de\/wp-json\/wp\/v2\/pages\/991\/revisions"}],"predecessor-version":[{"id":2012,"href":"https:\/\/kaardmolen.nl\/de\/wp-json\/wp\/v2\/pages\/991\/revisions\/2012"}],"wp:featuredmedia":[{"embeddable":true,"href":"https:\/\/kaardmolen.nl\/de\/wp-json\/wp\/v2\/media\/862"}],"wp:attachment":[{"href":"https:\/\/kaardmolen.nl\/de\/wp-json\/wp\/v2\/media?parent=991"}],"curies":[{"name":"wp","href":"https:\/\/api.w.org\/{rel}","templated":true}]}}