{"id":978,"date":"2024-05-04T19:56:44","date_gmt":"2024-05-04T17:56:44","guid":{"rendered":"https:\/\/kaardmolen.nl\/bezahlen-sie\/"},"modified":"2025-07-16T10:44:55","modified_gmt":"2025-07-16T08:44:55","slug":"bezahlen-sie","status":"publish","type":"page","link":"https:\/\/kaardmolen.nl\/de\/bezahlen-sie\/","title":{"rendered":"Bezahlen Sie"},"content":{"rendered":"\n<p style=\"font-size:clamp(14px, 0.875rem + ((1vw - 3.2px) * 0.391), 19px);\">Sie k\u00f6nnen mit den folgenden Methoden bezahlen: Bank\u00fcberweisung, Zahlung bei Abholung, Kredit-\/Debitkarten, IDEAL.  <\/p>\n\n\n\n<p style=\"font-size:clamp(14px, 0.875rem + ((1vw - 3.2px) * 0.391), 19px);\">Die Mehrwertsteuer wird abh\u00e4ngig von der Lieferadresse berechnet. F\u00fcr L\u00e4nder au\u00dferhalb der EU wird keine Mehrwertsteuer erhoben.<\/p>\n\n\n\n<p><\/p>\n\n\n\n<p><\/p>\n\n\n\n<p style=\"font-size:clamp(15.197px, 0.95rem + ((1vw - 3.2px) * 0.61), 23px);\"><strong>Bank\u00fcberweisung\/Rechnung:<\/strong><\/p>\n\n\n\n<p style=\"font-size:clamp(14px, 0.875rem + ((1vw - 3.2px) * 0.391), 19px);\">Sie erhalten von uns eine Rechnung mit der Auftragsbest\u00e4tigung. Unsere Kontonummer lautet: IBAN: NL32REVO3000104186 z.Hd. Piero Carders. Unsere BIC-Nummer lautet: REVONL22.<\/p>\n","protected":false},"excerpt":{"rendered":"<p>Sie k\u00f6nnen mit den folgenden Methoden bezahlen: Bank\u00fcberweisung, Zahlung bei Abholung, Kredit-\/Debitkarten, IDEAL. Die Mehrwertsteuer wird abh\u00e4ngig von der Lieferadresse berechnet. F\u00fcr L\u00e4nder au\u00dferhalb der EU wird keine Mehrwertsteuer erhoben. Bank\u00fcberweisung\/Rechnung: Sie erhalten von uns eine Rechnung mit der Auftragsbest\u00e4tigung. Unsere Kontonummer lautet: IBAN: NL32REVO3000104186 z.Hd. Piero Carders. Unsere BIC-Nummer lautet: REVONL22.<\/p>\n","protected":false},"author":2,"featured_media":0,"parent":0,"menu_order":0,"comment_status":"closed","ping_status":"closed","template":"","meta":{"iawp_total_views":93,"footnotes":""},"class_list":["post-978","page","type-page","status-publish","hentry"],"blocksy_meta":[],"_links":{"self":[{"href":"https:\/\/kaardmolen.nl\/de\/wp-json\/wp\/v2\/pages\/978","targetHints":{"allow":["GET"]}}],"collection":[{"href":"https:\/\/kaardmolen.nl\/de\/wp-json\/wp\/v2\/pages"}],"about":[{"href":"https:\/\/kaardmolen.nl\/de\/wp-json\/wp\/v2\/types\/page"}],"author":[{"embeddable":true,"href":"https:\/\/kaardmolen.nl\/de\/wp-json\/wp\/v2\/users\/2"}],"replies":[{"embeddable":true,"href":"https:\/\/kaardmolen.nl\/de\/wp-json\/wp\/v2\/comments?post=978"}],"version-history":[{"count":6,"href":"https:\/\/kaardmolen.nl\/de\/wp-json\/wp\/v2\/pages\/978\/revisions"}],"predecessor-version":[{"id":1722,"href":"https:\/\/kaardmolen.nl\/de\/wp-json\/wp\/v2\/pages\/978\/revisions\/1722"}],"wp:attachment":[{"href":"https:\/\/kaardmolen.nl\/de\/wp-json\/wp\/v2\/media?parent=978"}],"curies":[{"name":"wp","href":"https:\/\/api.w.org\/{rel}","templated":true}]}}