{"id":1028,"date":"2024-05-04T14:49:46","date_gmt":"2024-05-04T12:49:46","guid":{"rendered":"https:\/\/kaardmolen.nl\/rueckkehr\/"},"modified":"2026-03-07T19:11:26","modified_gmt":"2026-03-07T18:11:26","slug":"rueckkehr","status":"publish","type":"page","link":"https:\/\/kaardmolen.nl\/de\/rueckkehr\/","title":{"rendered":"R\u00fcckkehr"},"content":{"rendered":"\n<p class=\"has-palette-color-4-color has-text-color has-link-color wp-elements-9e86eab7c8d0abe4530878f372e762ad\" style=\"font-size:clamp(14px, 0.875rem + ((1vw - 3.2px) * 0.313), 18px);\">Sie haben das Recht, Ihre Bestellung bis zu 14 Tage nach Erhalt ohne Angabe von Gr\u00fcnden zu widerrufen. Nach dem Widerruf haben Sie weitere 14 Tage Zeit, Ihr Produkt zur\u00fcckzugeben. Ihnen wird dann der gesamte Bestellbetrag einschlie\u00dflich der Versandkosten gutgeschrieben. Lediglich die Kosten f\u00fcr die R\u00fccksendung von Ihrem Wohnort zum Online-Shop gehen zu Ihren Lasten. Wenn Sie von Ihrem Widerrufsrecht Gebrauch machen, wird das Produkt mit allem gelieferten Zubeh\u00f6r und &#8211; wenn m\u00f6glich &#8211; in seinem urspr\u00fcnglichen Zustand und in der Originalverpackung an den Unternehmer zur\u00fcckgesandt. Um dieses Recht auszu\u00fcben, kontaktieren Sie uns bitte unter retour@kaardmolen.nl. Wir erstatten Ihnen dann den f\u00e4lligen Betrag innerhalb von 14 Tagen nach der Benachrichtigung \u00fcber Ihre R\u00fccksendung, sofern das Produkt bereits in einwandfreiem Zustand zur\u00fcckerhalten wurde. Ein R\u00fccktrittsformular wird Ihnen mit der Auftragsbest\u00e4tigung zugesandt.<\/p>\n\n<p class=\"has-link-color wp-elements-40eeba2d1802967bd09624f031424063\" style=\"font-size:clamp(14px, 0.875rem + ((1vw - 3.2px) * 0.313), 18px);\">Die Produkte sollten an die folgende Adresse geschickt werden:<\/p>\n\n<p class=\"has-link-color wp-elements-72e2c4daa1c84b29e75f32d6cd83ecce\" style=\"font-size:clamp(14px, 0.875rem + ((1vw - 3.2px) * 0.313), 18px);\">Piero Carders<br\/>Amaliaplaats 17<br\/>2713BH Zoetermeer<\/p>\n\n<p><\/p>\n","protected":false},"excerpt":{"rendered":"<p>Sie haben das Recht, Ihre Bestellung bis zu 14 Tage nach Erhalt ohne Angabe von Gr\u00fcnden zu widerrufen. Nach dem Widerruf haben Sie weitere 14 Tage Zeit, Ihr Produkt zur\u00fcckzugeben. Ihnen wird dann der gesamte Bestellbetrag einschlie\u00dflich der Versandkosten gutgeschrieben. Lediglich die Kosten f\u00fcr die R\u00fccksendung von Ihrem Wohnort zum Online-Shop gehen zu Ihren Lasten. [&hellip;]<\/p>\n","protected":false},"author":1,"featured_media":0,"parent":0,"menu_order":0,"comment_status":"closed","ping_status":"closed","template":"","meta":{"iawp_total_views":30,"footnotes":""},"class_list":["post-1028","page","type-page","status-publish","hentry"],"blocksy_meta":[],"_links":{"self":[{"href":"https:\/\/kaardmolen.nl\/de\/wp-json\/wp\/v2\/pages\/1028","targetHints":{"allow":["GET"]}}],"collection":[{"href":"https:\/\/kaardmolen.nl\/de\/wp-json\/wp\/v2\/pages"}],"about":[{"href":"https:\/\/kaardmolen.nl\/de\/wp-json\/wp\/v2\/types\/page"}],"author":[{"embeddable":true,"href":"https:\/\/kaardmolen.nl\/de\/wp-json\/wp\/v2\/users\/1"}],"replies":[{"embeddable":true,"href":"https:\/\/kaardmolen.nl\/de\/wp-json\/wp\/v2\/comments?post=1028"}],"version-history":[{"count":1,"href":"https:\/\/kaardmolen.nl\/de\/wp-json\/wp\/v2\/pages\/1028\/revisions"}],"predecessor-version":[{"id":1029,"href":"https:\/\/kaardmolen.nl\/de\/wp-json\/wp\/v2\/pages\/1028\/revisions\/1029"}],"wp:attachment":[{"href":"https:\/\/kaardmolen.nl\/de\/wp-json\/wp\/v2\/media?parent=1028"}],"curies":[{"name":"wp","href":"https:\/\/api.w.org\/{rel}","templated":true}]}}