{"id":1021,"date":"2024-05-04T16:22:33","date_gmt":"2024-05-04T14:22:33","guid":{"rendered":"https:\/\/kaardmolen.nl\/datenschutzbestimmungen\/"},"modified":"2025-06-26T17:03:51","modified_gmt":"2025-06-26T15:03:51","slug":"datenschutzbestimmungen","status":"publish","type":"page","link":"https:\/\/kaardmolen.nl\/de\/datenschutzbestimmungen\/","title":{"rendered":"Datenschutzbestimmungen"},"content":{"rendered":"\n<p>Piero Carders, mit Sitz in Amaliaplaats 17, 2713BH Zoetermeer, Niederlande, ist f\u00fcr die Verarbeitung der personenbezogenen Daten verantwortlich, wie sie in dieser Datenschutzerkl\u00e4rung wiedergegeben sind.<\/p>\n\n\n\n<h1 class=\"wp-block-heading has-medium-font-size\"><strong>\u00dcber unsere Datenschutzrichtlinie<\/strong><\/h1>\n\n\n\n<p>Piero Carders legt gro\u00dfen Wert auf Ihre Privatsph\u00e4re. Wir verarbeiten daher nur Daten, die wir f\u00fcr die (Verbesserung) unserer Dienste ben\u00f6tigen, und behandeln die Informationen, die wir \u00fcber Sie und Ihre Nutzung unserer Dienste gesammelt haben, mit Sorgfalt. Wir geben Ihre Daten niemals zu kommerziellen Zwecken an Dritte weiter.<\/p>\n\n\n\n<p>Diese Datenschutzrichtlinie gilt f\u00fcr die Nutzung der Website von Piero Carders und der darauf abrufbaren Dienste. Der Stichtag f\u00fcr die G\u00fcltigkeit dieser Bedingungen ist der 04\/05\/2024, mit der Ver\u00f6ffentlichung einer neuen Version erlischt die G\u00fcltigkeit aller vorherigen Versionen. Diese Datenschutzrichtlinie beschreibt, welche Daten \u00fcber Sie von uns erfasst werden, wof\u00fcr diese Daten verwendet werden und mit wem und unter welchen Bedingungen diese Daten gegebenenfalls an Dritte weitergegeben werden k\u00f6nnen. Wir erkl\u00e4ren Ihnen auch, wie wir Ihre Daten speichern und wie wir Ihre Daten vor Missbrauch sch\u00fctzen, und welche Rechte Sie in Bezug auf die pers\u00f6nlichen Daten haben, die Sie uns zur Verf\u00fcgung stellen.<\/p>\n\n\n\n<p>Wenn Sie Fragen zu unseren Datenschutzrichtlinien haben, kontaktieren Sie uns bitte. Die Kontaktinformationen finden Sie unten.<\/p>\n\n\n\n<p><\/p>\n\n\n\n<p class=\"has-medium-font-size\"><strong>Kontaktinformationen<\/strong><\/p>\n\n\n\n<p>https:\/\/kaardmolen.nl<br>Amaliaplaats 17<br>2713BH, Zoetermeer<br>Nederland<br>T: +31622307035<br>E: <span style=\"display:inline;unicode-bidi:bidi-override;direction:rtl;\" class=\"\">ln.nelomdraak<span style=\"display:none;\">obfsctd-67c0b1<\/span>&#64;ycavirp<\/span><\/p>\n\n\n\n<p><\/p>\n\n\n\n<p class=\"has-medium-font-size\"><strong>Pers\u00f6nliche Daten, die wir verarbeiten<\/strong><\/p>\n\n\n\n<p style=\"font-size:clamp(14px, 0.875rem + ((1vw - 3.2px) * 0.156), 16px);\">Piero Carders verarbeitet Ihre personenbezogenen Daten, weil Sie unsere Dienste in Anspruch nehmen und\/oder weil Sie sie uns selbst zur Verf\u00fcgung stellen.<\/p>\n\n\n\n<p><strong>Nachstehend finden Sie einen \u00dcberblick \u00fcber die von uns verarbeiteten personenbezogenen Daten:<\/strong><\/p>\n\n\n\n<ul class=\"wp-block-list\">\n<li>Vorname und Nachname<\/li>\n\n\n\n<li>Adresse Details<\/li>\n\n\n\n<li>Rufnummer<\/li>\n\n\n\n<li>E-Mail Adresse<\/li>\n\n\n\n<li>IP-Adresse<\/li>\n\n\n\n<li>Andere pers\u00f6nliche Daten, die Sie uns aktiv zur Verf\u00fcgung stellen, z.B. durch die Erstellung eines Profils auf dieser Website, in der Korrespondenz und per Telefon<\/li>\n\n\n\n<li>Details zum Standort<\/li>\n\n\n\n<li>Daten \u00fcber Ihre Aktivit\u00e4ten auf unserer Website<\/li>\n\n\n\n<li>Internet-Browser und Ger\u00e4tetyp<\/li>\n\n\n\n<li>Bankkontonummer<\/li>\n\n\n\n<li>Einzelheiten zur Bezahlung<\/li>\n<\/ul>\n\n\n\n<p><strong>Besondere und\/oder sensible pers\u00f6nliche Daten, die wir verarbeiten<\/strong><br>Unsere Website und\/oder unser Service beabsichtigt nicht, Daten von Website-Besuchern zu sammeln, die unter 16 Jahre alt sind. Es sei denn, sie haben die Erlaubnis ihrer Eltern oder Erziehungsberechtigten. Wir k\u00f6nnen jedoch nicht \u00fcberpr\u00fcfen, ob ein Besucher \u00fcber 16 Jahre alt ist. Wir raten Eltern daher, sich an den Online-Aktivit\u00e4ten ihrer Kinder zu beteiligen, um zu vermeiden, dass Daten \u00fcber Kinder ohne elterliche Zustimmung gesammelt werden. Wenn Sie davon \u00fcberzeugt sind, dass wir personenbezogene Daten \u00fcber einen Minderj\u00e4hrigen ohne eine solche Zustimmung gesammelt haben, kontaktieren Sie uns bitte unter pricacy@kaardmolen.nl und wir werden diese Informationen l\u00f6schen.<\/p>\n\n\n\n<p><br><strong>Piero Carders verarbeitet Ihre personenbezogenen Daten f\u00fcr die folgenden Zwecke:<\/strong><\/p>\n\n\n\n<ul class=\"wp-block-list\">\n<li>Abwicklung Ihrer Zahlung<\/li>\n\n\n\n<li>Sie anzurufen oder per E-Mail zu kontaktieren, falls dies zur Erbringung unserer Dienstleistungen erforderlich ist<\/li>\n\n\n\n<li>Sie \u00fcber \u00c4nderungen an unseren Dienstleistungen und Produkten zu informieren<\/li>\n\n\n\n<li>Erm\u00f6glicht Ihnen die Erstellung eines Kontos<\/li>\n\n\n\n<li>Um Ihnen Waren und Dienstleistungen zu liefern<\/li>\n\n\n\n<li>Piero Carders analysiert Ihr Verhalten auf der Website, um die Website zu verbessern und das Angebot an Produkten und Dienstleistungen auf Ihre Pr\u00e4ferenzen zuzuschneiden.<\/li>\n\n\n\n<li>Piero Carders verarbeitet auch personenbezogene Daten, wenn wir gesetzlich dazu verpflichtet sind, wie z.B. Daten, die wir f\u00fcr unsere Steuererkl\u00e4rung ben\u00f6tigen.<\/li>\n<\/ul>\n\n\n\n<p><strong>Wie lange wir pers\u00f6nliche Daten aufbewahren<\/strong><br>Piero Carders wird Ihre personenbezogenen Daten nicht l\u00e4nger aufbewahren, als es f\u00fcr die Erf\u00fcllung der Zwecke, f\u00fcr die Ihre Daten erhoben wurden, unbedingt erforderlich ist. Wir werden Ihre Daten nie l\u00e4nger als 5 Jahre aufbewahren.<\/p>\n\n\n\n<p><strong>Weitergabe pers\u00f6nlicher Daten an Dritte<\/strong><br>Piero Carders gibt Ihre pers\u00f6nlichen Daten an verschiedene Dritte weiter, soweit dies zur Ausf\u00fchrung des Vertrags und zur Erf\u00fcllung gesetzlicher Verpflichtungen erforderlich ist. Wir schlie\u00dfen einen Vertrag mit Unternehmen ab, die Ihre Daten in unserem Auftrag verarbeiten, um das gleiche Ma\u00df an Sicherheit und Vertraulichkeit Ihrer Daten zu gew\u00e4hrleisten. Piero Carders ist weiterhin f\u00fcr diese Verarbeitungen verantwortlich. Dar\u00fcber hinaus gibt Piero Carders Ihre pers\u00f6nlichen Daten an andere Dritte weiter. Wir tun dies nur mit Ihrer ausdr\u00fccklichen Zustimmung.<\/p>\n\n\n\n<p><strong>Bezahlen Sie<\/strong><br>F\u00fcr die Zahlungsabwicklung verwenden wir Stripe.<\/p>\n\n\n\n<p><strong>Liefern Sie<\/strong><br>F\u00fcr die Paketzustellung nutzen wir unsere Lieferpartner. Ihr Name, Ihre Adresse und Ihre E-Mail-Adresse werden weitergegeben, um die Zustellung zu erm\u00f6glichen.<br><\/p>\n\n\n\n<p><strong>Cookies oder \u00e4hnliche Techniken, die wir verwenden<\/strong><br>Wir verwenden Cookies, um Ihre Erfahrung auf unserer Website zu verbessern. Sie k\u00f6nnen Cookies \u00fcber die Browsereinstellungen l\u00f6schen oder deaktivieren. Cookies werden dann nicht mehr gespeichert, wenn Sie unsere Website besuchen.  <\/p>\n\n\n\n<p><strong>Daten ansehen, \u00e4ndern oder l\u00f6schen<\/strong><br>Sie haben das Recht, Ihre pers\u00f6nlichen Daten einzusehen, zu korrigieren oder zu l\u00f6schen. Sie haben au\u00dferdem das Recht, Ihre eventuelle Zustimmung zur Datenverarbeitung zu widerrufen oder der Verarbeitung Ihrer personenbezogenen Daten durch Piero Carders zu widersprechen sowie das Recht auf Daten\u00fcbertragbarkeit. Das bedeutet, dass Sie uns auffordern k\u00f6nnen, die pers\u00f6nlichen Daten, die wir \u00fcber Sie in einer Computerdatei gespeichert haben, an Sie oder eine andere von Ihnen benannte Organisation zu senden.<\/p>\n\n\n\n<p>Sie k\u00f6nnen einen Antrag auf Zugriff, Berichtigung, L\u00f6schung, \u00dcbertragung Ihrer personenbezogenen Daten oder auf Widerruf Ihrer Einwilligung oder Widerspruch gegen die Verarbeitung Ihrer personenbezogenen Daten an pricacy@kaardmolen.nl senden.<\/p>\n\n\n\n<p>Piero Carders m\u00f6chte Sie auch dar\u00fcber informieren, dass Sie die M\u00f6glichkeit haben, eine Beschwerde bei der nationalen Aufsichtsbeh\u00f6rde, der Beh\u00f6rde f\u00fcr personenbezogene Daten, einzureichen. Sie k\u00f6nnen dies \u00fcber den folgenden Link tun: https:\/\/autoriteitpersoonsgegevens.nl\/nl\/contact-met-de-autoriteit-persoonsgegevens\/tip-ons<\/p>\n\n\n\n<p><strong>Wie wir pers\u00f6nliche Daten sch\u00fctzen<\/strong><br>Piero Carders nimmt den Schutz Ihrer Daten ernst und ergreift geeignete Ma\u00dfnahmen, um Missbrauch, Verlust, unbefugten Zugriff, unerw\u00fcnschte Offenlegung und unbefugte \u00c4nderung zu verhindern. Wenn Sie den Eindruck haben, dass Ihre Daten nicht ordnungsgem\u00e4\u00df gesichert sind oder es Anzeichen f\u00fcr einen Missbrauch gibt, wenden Sie sich bitte an unseren Kundenservice oder an <span style=\"display:inline;unicode-bidi:bidi-override;direction:rtl;\" class=\"\">ln.nelomdraak<span style=\"display:none;\">obfsctd-7cb9bd<\/span>&#64;ycavirp<\/span><\/p>\n","protected":false},"excerpt":{"rendered":"<p>Piero Carders, mit Sitz in Amaliaplaats 17, 2713BH Zoetermeer, Niederlande, ist f\u00fcr die Verarbeitung der personenbezogenen Daten verantwortlich, wie sie in dieser Datenschutzerkl\u00e4rung wiedergegeben sind. \u00dcber unsere Datenschutzrichtlinie Piero Carders legt gro\u00dfen Wert auf Ihre Privatsph\u00e4re. Wir verarbeiten daher nur Daten, die wir f\u00fcr die (Verbesserung) unserer Dienste ben\u00f6tigen, und behandeln die Informationen, die wir [&hellip;]<\/p>\n","protected":false},"author":2,"featured_media":0,"parent":0,"menu_order":0,"comment_status":"closed","ping_status":"closed","template":"","meta":{"iawp_total_views":8,"footnotes":""},"class_list":["post-1021","page","type-page","status-publish","hentry"],"blocksy_meta":[],"_links":{"self":[{"href":"https:\/\/kaardmolen.nl\/de\/wp-json\/wp\/v2\/pages\/1021","targetHints":{"allow":["GET"]}}],"collection":[{"href":"https:\/\/kaardmolen.nl\/de\/wp-json\/wp\/v2\/pages"}],"about":[{"href":"https:\/\/kaardmolen.nl\/de\/wp-json\/wp\/v2\/types\/page"}],"author":[{"embeddable":true,"href":"https:\/\/kaardmolen.nl\/de\/wp-json\/wp\/v2\/users\/2"}],"replies":[{"embeddable":true,"href":"https:\/\/kaardmolen.nl\/de\/wp-json\/wp\/v2\/comments?post=1021"}],"version-history":[{"count":3,"href":"https:\/\/kaardmolen.nl\/de\/wp-json\/wp\/v2\/pages\/1021\/revisions"}],"predecessor-version":[{"id":1606,"href":"https:\/\/kaardmolen.nl\/de\/wp-json\/wp\/v2\/pages\/1021\/revisions\/1606"}],"wp:attachment":[{"href":"https:\/\/kaardmolen.nl\/de\/wp-json\/wp\/v2\/media?parent=1021"}],"curies":[{"name":"wp","href":"https:\/\/api.w.org\/{rel}","templated":true}]}}