{"id":1004,"date":"2024-05-04T19:52:57","date_gmt":"2024-05-04T17:52:57","guid":{"rendered":"https:\/\/kaardmolen.nl\/ueber-uns\/"},"modified":"2026-03-07T19:13:40","modified_gmt":"2026-03-07T18:13:40","slug":"ueber-uns","status":"publish","type":"page","link":"https:\/\/kaardmolen.nl\/de\/ueber-uns\/","title":{"rendered":"\u00dcber uns"},"content":{"rendered":"\n<p><strong>Willkommen bei Piero Carders!<\/strong><\/p>\n\n\n\n<p>Bei Piero Carders verbinden wir Technik mit Kreativit\u00e4t. Was als Leidenschaft f\u00fcr Maschinenbau und Wolle begann, hat zur Entwicklung unserer Kardiermaschinen gef\u00fchrt.<\/p>\n\n\n\n<p>Unsere Maschinen sind robust gebaut, mit industriellen Zahnriemen und Aluminiumrahmen, was sie langlebig und zuverl\u00e4ssig macht. Sie sind nicht nur funktional, sondern sehen auch gut aus.<\/p>\n\n\n\n<p>Vielen Dank f\u00fcr Ihren Besuch! Wenn Sie Fragen haben oder mehr erfahren m\u00f6chten, <a href=\"https:\/\/kaardmolen.nl\/de\/kontakt\/\" data-type=\"page\" data-id=\"882\">kontaktieren<\/a> Sie uns gerne.<\/p>\n\n\n\n<p>Sjoerd Rosier<\/p>\n","protected":false},"excerpt":{"rendered":"<p>Willkommen bei Piero Carders! Bei Piero Carders verbinden wir Technik mit Kreativit\u00e4t. Was als Leidenschaft f\u00fcr Maschinenbau und Wolle begann, hat zur Entwicklung unserer Kardiermaschinen gef\u00fchrt. Unsere Maschinen sind robust gebaut, mit industriellen Zahnriemen und Aluminiumrahmen, was sie langlebig und zuverl\u00e4ssig macht. Sie sind nicht nur funktional, sondern sehen auch gut aus. Vielen Dank f\u00fcr [&hellip;]<\/p>\n","protected":false},"author":2,"featured_media":0,"parent":0,"menu_order":0,"comment_status":"closed","ping_status":"closed","template":"","meta":{"iawp_total_views":117,"footnotes":""},"class_list":["post-1004","page","type-page","status-publish","hentry"],"blocksy_meta":[],"_links":{"self":[{"href":"https:\/\/kaardmolen.nl\/de\/wp-json\/wp\/v2\/pages\/1004","targetHints":{"allow":["GET"]}}],"collection":[{"href":"https:\/\/kaardmolen.nl\/de\/wp-json\/wp\/v2\/pages"}],"about":[{"href":"https:\/\/kaardmolen.nl\/de\/wp-json\/wp\/v2\/types\/page"}],"author":[{"embeddable":true,"href":"https:\/\/kaardmolen.nl\/de\/wp-json\/wp\/v2\/users\/2"}],"replies":[{"embeddable":true,"href":"https:\/\/kaardmolen.nl\/de\/wp-json\/wp\/v2\/comments?post=1004"}],"version-history":[{"count":6,"href":"https:\/\/kaardmolen.nl\/de\/wp-json\/wp\/v2\/pages\/1004\/revisions"}],"predecessor-version":[{"id":1329,"href":"https:\/\/kaardmolen.nl\/de\/wp-json\/wp\/v2\/pages\/1004\/revisions\/1329"}],"wp:attachment":[{"href":"https:\/\/kaardmolen.nl\/de\/wp-json\/wp\/v2\/media?parent=1004"}],"curies":[{"name":"wp","href":"https:\/\/api.w.org\/{rel}","templated":true}]}}